{"id":5942,"date":"2025-11-27T21:32:19","date_gmt":"2025-11-28T03:32:19","guid":{"rendered":"https:\/\/masdeportescr.com\/?post_type=product&#038;p=5942"},"modified":"2025-11-28T08:42:59","modified_gmt":"2025-11-28T14:42:59","slug":"celina-pets-1000-mg","status":"publish","type":"product","link":"https:\/\/masdeportescr.com\/en\/product\/celina-pets-1000-mg\/","title":{"rendered":"Celina Pets 1000 Mg"},"content":{"rendered":"<p>El CBD, o cannabidiol, es un compuesto natural que se encuentra en la planta Cannabis sativa. Al igual que en los humanos, el CBD no tiene efectos psicoactivos en las mascotas. Posibles beneficios del CBD para mascotas: *Alivio del dolor: Puede ayudar a aliviar el dolor cr\u00f3nico, como el dolor articular y el asociado a la artritis. *Reducci\u00f3n de la ansiedad: Puede ser eficaz para calmar a las mascotas con ansiedad por separaci\u00f3n, miedo a los ruidos fuertes o fobias. *Control de convulsiones: Se est\u00e1 investigando su potencial para reducir la frecuencia e intensidad de las convulsiones en perros con epilepsia. *Mejora de la calidad del sue\u00f1o: Puede ayudar a las mascotas que duermen poco o tienen problemas para conciliar el sue\u00f1o. *Alivio de la inflamaci\u00f3n: Puede ser \u00fatil para reducir la inflamaci\u00f3n asociada a enfermedades como la artritis o la dermatitis al\u00e9rgica. Es importante tener en cuenta que: *El CBD no es un medicamento y no est\u00e1 aprobado por las autoridades sanitarias para su uso en animales. *Se recomienda consultar con un veterinario antes de administrar CBD a tu mascota, especialmente si toma otros medicamentos. *Es fundamental comprar CBD de alta calidad y con un contenido de THC bajo, espec\u00edfico para mascotas.<\/p>","protected":false},"excerpt":{"rendered":"<p>El CBD, o cannabidiol, es un compuesto natural que se encuentra en la planta Cannabis sativa. Al igual que en los humanos, el CBD no tiene efectos psicoactivos en las mascotas.<\/p>","protected":false},"featured_media":5943,"comment_status":"open","ping_status":"closed","template":"","meta":[],"product_brand":[],"product_cat":[23],"product_tag":[],"class_list":{"0":"post-5942","1":"product","2":"type-product","3":"status-publish","4":"has-post-thumbnail","6":"product_cat-goteros-para-mascotas","8":"first","9":"instock","10":"shipping-taxable","11":"purchasable","12":"product-type-simple"},"_links":{"self":[{"href":"https:\/\/masdeportescr.com\/en\/wp-json\/wp\/v2\/product\/5942","targetHints":{"allow":["GET"]}}],"collection":[{"href":"https:\/\/masdeportescr.com\/en\/wp-json\/wp\/v2\/product"}],"about":[{"href":"https:\/\/masdeportescr.com\/en\/wp-json\/wp\/v2\/types\/product"}],"replies":[{"embeddable":true,"href":"https:\/\/masdeportescr.com\/en\/wp-json\/wp\/v2\/comments?post=5942"}],"wp:featuredmedia":[{"embeddable":true,"href":"https:\/\/masdeportescr.com\/en\/wp-json\/wp\/v2\/media\/5943"}],"wp:attachment":[{"href":"https:\/\/masdeportescr.com\/en\/wp-json\/wp\/v2\/media?parent=5942"}],"wp:term":[{"taxonomy":"product_brand","embeddable":true,"href":"https:\/\/masdeportescr.com\/en\/wp-json\/wp\/v2\/product_brand?post=5942"},{"taxonomy":"product_cat","embeddable":true,"href":"https:\/\/masdeportescr.com\/en\/wp-json\/wp\/v2\/product_cat?post=5942"},{"taxonomy":"product_tag","embeddable":true,"href":"https:\/\/masdeportescr.com\/en\/wp-json\/wp\/v2\/product_tag?post=5942"}],"curies":[{"name":"wp","href":"https:\/\/api.w.org\/{rel}","templated":true}]}}