{"id":5940,"date":"2025-11-27T21:29:58","date_gmt":"2025-11-28T03:29:58","guid":{"rendered":"https:\/\/masdeportescr.com\/?post_type=product&#038;p=5940"},"modified":"2025-11-28T08:42:22","modified_gmt":"2025-11-28T14:42:22","slug":"aceite-de-cbd-3000-mg","status":"publish","type":"product","link":"https:\/\/masdeportescr.com\/en\/product\/aceite-de-cbd-3000-mg\/","title":{"rendered":"Aceite de CBD 3000 mg"},"content":{"rendered":"<p>*Suplemento alimenticio libre de THC, que contiene 3000 mg de cannabidiol (CBD) *Extra\u00eddo de las flores del c\u00e1\u00f1amo<\/p>\n<p>*Cultivado en Oreg\u00f3n con Buenas Pr\u00e1cticas ambientales *Utilizando semillas No Gen\u00e9ticamente Modificadas<\/p>\n<p>*Ayuda a modular el tono del Sistema Endocannabinoide, combinado con aceite de coco MCT (Media Cadena de Triglic\u00e9ridos) Sabor Natural Botella de vidrio de 30 ml 1 gota contiene aproximadamente 5 mg de CBD.<\/p>\n<p>Para mejor absorci\u00f3n y efectos utilizar la v\u00eda oro-mucosa (sublingual), colocar las gotas debajo de la lengua, dejar por un minuto y luego tragar.<\/p>","protected":false},"excerpt":{"rendered":"<p>Suplemento alimenticio libre de THC, que contiene 3000 mg de cannabidiol (CBD) *Extra\u00eddo de las flores del c\u00e1\u00f1amo<\/p>\n<p>&nbsp;<\/p>","protected":false},"featured_media":5941,"comment_status":"open","ping_status":"closed","template":"","meta":[],"product_brand":[],"product_cat":[15],"product_tag":[],"class_list":{"0":"post-5940","1":"product","2":"type-product","3":"status-publish","4":"has-post-thumbnail","6":"product_cat-goteros-de-cbd","8":"first","9":"instock","10":"shipping-taxable","11":"purchasable","12":"product-type-simple"},"_links":{"self":[{"href":"https:\/\/masdeportescr.com\/en\/wp-json\/wp\/v2\/product\/5940","targetHints":{"allow":["GET"]}}],"collection":[{"href":"https:\/\/masdeportescr.com\/en\/wp-json\/wp\/v2\/product"}],"about":[{"href":"https:\/\/masdeportescr.com\/en\/wp-json\/wp\/v2\/types\/product"}],"replies":[{"embeddable":true,"href":"https:\/\/masdeportescr.com\/en\/wp-json\/wp\/v2\/comments?post=5940"}],"wp:featuredmedia":[{"embeddable":true,"href":"https:\/\/masdeportescr.com\/en\/wp-json\/wp\/v2\/media\/5941"}],"wp:attachment":[{"href":"https:\/\/masdeportescr.com\/en\/wp-json\/wp\/v2\/media?parent=5940"}],"wp:term":[{"taxonomy":"product_brand","embeddable":true,"href":"https:\/\/masdeportescr.com\/en\/wp-json\/wp\/v2\/product_brand?post=5940"},{"taxonomy":"product_cat","embeddable":true,"href":"https:\/\/masdeportescr.com\/en\/wp-json\/wp\/v2\/product_cat?post=5940"},{"taxonomy":"product_tag","embeddable":true,"href":"https:\/\/masdeportescr.com\/en\/wp-json\/wp\/v2\/product_tag?post=5940"}],"curies":[{"name":"wp","href":"https:\/\/api.w.org\/{rel}","templated":true}]}}