{"id":5667,"date":"2025-05-28T06:38:24","date_gmt":"2025-05-28T06:38:24","guid":{"rendered":"https:\/\/demo.awaikenthemes.com\/sellsmart\/cbd-oil\/?post_type=product&#038;p=5667"},"modified":"2025-11-28T08:42:40","modified_gmt":"2025-11-28T14:42:40","slug":"verdant-veil-dropper","status":"publish","type":"product","link":"https:\/\/masdeportescr.com\/en\/product\/verdant-veil-dropper\/","title":{"rendered":"Aceite de CBD de 1000 mg"},"content":{"rendered":"<p>*Suplemento alimenticio libre de THC, que contiene 1000 mg de cannabidiol (CBD)<\/p>\n<p>*Extra\u00eddo de las flores del c\u00e1\u00f1amo *Cultivado en Oreg\u00f3n con Buenas Pr\u00e1cticas ambientales<\/p>\n<p>*Utilizando semillas No Gen\u00e9ticamente Modificadas *Ayuda a modular el tono del Sistema Endocannabinoide, combinado con aceite de coco MCT (Media Cadena de Triglic\u00e9ridos) Sabor Natural Botella de vidrio de 30 ml Botella de vidrio de 30 ml 1 gota contiene aproximadamente 1.66 mg de CBD.<\/p>\n<p>Para mejor absorci\u00f3n y efectos utilizar la v\u00eda oro-mucosa (sublingual), colocar las gotas debajo de la lengua, dejar por un minuto y luego tragar.<\/p>","protected":false},"excerpt":{"rendered":"<p>Suplemento alimenticio libre de THC, que contiene 1000 mg de cannabidiol (CBD)<\/p>","protected":false},"featured_media":5925,"comment_status":"open","ping_status":"closed","template":"","meta":[],"product_brand":[],"product_cat":[15],"product_tag":[],"class_list":{"0":"post-5667","1":"product","2":"type-product","3":"status-publish","4":"has-post-thumbnail","6":"product_cat-goteros-de-cbd","8":"first","9":"instock","10":"shipping-taxable","11":"purchasable","12":"product-type-simple"},"_links":{"self":[{"href":"https:\/\/masdeportescr.com\/en\/wp-json\/wp\/v2\/product\/5667","targetHints":{"allow":["GET"]}}],"collection":[{"href":"https:\/\/masdeportescr.com\/en\/wp-json\/wp\/v2\/product"}],"about":[{"href":"https:\/\/masdeportescr.com\/en\/wp-json\/wp\/v2\/types\/product"}],"replies":[{"embeddable":true,"href":"https:\/\/masdeportescr.com\/en\/wp-json\/wp\/v2\/comments?post=5667"}],"wp:featuredmedia":[{"embeddable":true,"href":"https:\/\/masdeportescr.com\/en\/wp-json\/wp\/v2\/media\/5925"}],"wp:attachment":[{"href":"https:\/\/masdeportescr.com\/en\/wp-json\/wp\/v2\/media?parent=5667"}],"wp:term":[{"taxonomy":"product_brand","embeddable":true,"href":"https:\/\/masdeportescr.com\/en\/wp-json\/wp\/v2\/product_brand?post=5667"},{"taxonomy":"product_cat","embeddable":true,"href":"https:\/\/masdeportescr.com\/en\/wp-json\/wp\/v2\/product_cat?post=5667"},{"taxonomy":"product_tag","embeddable":true,"href":"https:\/\/masdeportescr.com\/en\/wp-json\/wp\/v2\/product_tag?post=5667"}],"curies":[{"name":"wp","href":"https:\/\/api.w.org\/{rel}","templated":true}]}}