{"id":5768,"date":"2025-05-03T09:28:13","date_gmt":"2025-05-03T09:28:13","guid":{"rendered":"https:\/\/demo.awaikenthemes.com\/sellsmart\/cbd-oil\/?page_id=23"},"modified":"2025-11-27T22:45:20","modified_gmt":"2025-11-28T04:45:20","slug":"sobre-nosotros","status":"publish","type":"page","link":"https:\/\/masdeportescr.com\/en\/sobre-nosotros\/","title":{"rendered":"Nuestra Historia"},"content":{"rendered":"<div data-elementor-type=\"wp-page\" data-elementor-id=\"5768\" class=\"elementor elementor-5768\">\n\t\t\t\t<div data-ekitparallax=\"{&quot;ekit_section_parallax_bg&quot;:&quot;yes&quot;,&quot;ekit_section_parallax_bg_speed&quot;:0.5,&quot;elementor_lazy_load&quot;:&quot;1&quot;}\" class=\"elementor-element elementor-element-b59374e e-flex e-con-boxed e-con e-parent\" data-id=\"b59374e\" data-element_type=\"container\" data-settings=\"{&quot;background_background&quot;:&quot;classic&quot;}\">\n\t\t\t\t\t<div class=\"e-con-inner\">\n\t\t<div class=\"elementor-element elementor-element-e9c1dc5 e-con-full e-flex e-con e-child\" data-id=\"e9c1dc5\" data-element_type=\"container\">\n\t\t\t\t<div class=\"elementor-element elementor-element-17f8809 at-heading-animation at-animation-heading-style-3 elementor-widget elementor-widget-heading\" data-id=\"17f8809\" data-element_type=\"widget\" data-settings=\"{&quot;ekit_we_effect_on&quot;:&quot;none&quot;}\" data-widget_type=\"heading.default\">\n\t\t\t\t\t<h1 class=\"elementor-heading-title elementor-size-default\">Nuestra<span> historia <\/span><\/h1>\t\t\t\t<\/div>\n\t\t\t\t<\/div>\n\t\t\t\t<div class=\"elementor-element elementor-element-ed1dc91 elementor-absolute at-image-animation at-animation-image-none at-none elementor-widget elementor-widget-image\" data-id=\"ed1dc91\" data-element_type=\"widget\" data-settings=\"{&quot;_position&quot;:&quot;absolute&quot;,&quot;ekit_we_effect_on&quot;:&quot;none&quot;}\" data-widget_type=\"image.default\">\n\t\t\t\t\t\t\t\t\t\t\t\t\t\t\t<img decoding=\"async\" width=\"132\" height=\"245\" src=\"https:\/\/masdeportescr.com\/wp-content\/uploads\/2025\/07\/page-header-bg-shape-cbd-oil.png\" class=\"attachment-full size-full wp-image-5764\" alt=\"\" \/>\t\t\t\t\t\t\t\t\t\t\t\t\t\t\t<\/div>\n\t\t\t\t\t<\/div>\n\t\t\t\t<\/div>\n\t\t<div class=\"elementor-element elementor-element-f460c58 e-flex e-con-boxed e-con e-parent\" data-id=\"f460c58\" data-element_type=\"container\">\n\t\t\t\t\t<div class=\"e-con-inner\">\n\t\t\t\t<div class=\"elementor-element elementor-element-3f3ce37 elementor-widget elementor-widget-text-editor\" data-id=\"3f3ce37\" data-element_type=\"widget\" data-settings=\"{&quot;ekit_we_effect_on&quot;:&quot;none&quot;}\" data-widget_type=\"text-editor.default\">\n\t\t\t\t\t\t\t\t\t<p>Somos una empresa costarricense debidamente constituida y certificada como&nbsp;<strong>Pyme,<\/strong>&nbsp;dedicada a la importaci\u00f3n y elaboraci\u00f3n de productos derivados del c\u00e1\u00f1amo, &nbsp;uno de nuestros pilares centrales es llevar los cannabinoides de la m\u00e1s alta calidad a la poblaci\u00f3n a un<strong>&nbsp;precio accesibl<\/strong><strong>e<\/strong>, pensando siempre en el bienestar de nuestros clientes.<\/p>\n<p><strong>CBD-CR&nbsp;<\/strong>&nbsp;cuenta con un equipo interdiciplinario que lo guiar\u00e1 en cuanto a la utilizaci\u00f3n de los distintos cannabinoides que existen y que tienen su debido registro sanitario ante el&nbsp;<strong>Ministerio de Salud de Costa Rica.<\/strong>.<\/p>\n<p><strong>Misi\u00f3n:<\/strong><br>Nuestra misi\u00f3n es ofrecer productos de alta calidad que contengan cannabinoides para mejorar la calidad de vida de nuestros clientes. Buscamos educar y crear conciencia sobre las propiedades beneficiosas de los cannabinoides y trabajar de manera \u00e9tica y responsable en la industria del cannabis.<\/p>\n<p><strong>Visi\u00f3n:<\/strong><br>Nuestra visi\u00f3n es ser reconocidos como l\u00edderes en el mercado de productos con cannabinoides, ofreciendo la mejor calidad y variedad de productos, y trabajando en colaboraci\u00f3n con la comunidad y el sector para impulsar la investigaci\u00f3n y el desarrollo de productos innovadores que ayuden a mejorar la salud y el bienestar de las personas. Queremos ser una empresa que inspire confianza y sea vista como referente en la industria del cannabis.<\/p>\n<p><strong>Todos nuestros productos se encuentran debidamente registrados ante el Ministerio de Salud de Costa Rica, y cumplen la normativa vigente, NO contienen &nbsp;THC.<\/strong><\/p>\t\t\t\t\t\t\t\t<\/div>\n\t\t\t\t\t<\/div>\n\t\t\t\t<\/div>\n\t\t\t\t<\/div>","protected":false},"excerpt":{"rendered":"<p>Nuestra historia Somos una empresa costarricense debidamente constituida y certificada como&nbsp;Pyme,&nbsp;dedicada a [&hellip;]<\/p>","protected":false},"author":1,"featured_media":0,"parent":0,"menu_order":0,"comment_status":"closed","ping_status":"closed","template":"elementor_header_footer","meta":{"footnotes":""},"class_list":["post-5768","page","type-page","status-publish","hentry"],"_hostinger_reach_plugin_has_subscription_block":false,"_hostinger_reach_plugin_is_elementor":false,"_links":{"self":[{"href":"https:\/\/masdeportescr.com\/en\/wp-json\/wp\/v2\/pages\/5768","targetHints":{"allow":["GET"]}}],"collection":[{"href":"https:\/\/masdeportescr.com\/en\/wp-json\/wp\/v2\/pages"}],"about":[{"href":"https:\/\/masdeportescr.com\/en\/wp-json\/wp\/v2\/types\/page"}],"author":[{"embeddable":true,"href":"https:\/\/masdeportescr.com\/en\/wp-json\/wp\/v2\/users\/1"}],"replies":[{"embeddable":true,"href":"https:\/\/masdeportescr.com\/en\/wp-json\/wp\/v2\/comments?post=5768"}],"version-history":[{"count":6,"href":"https:\/\/masdeportescr.com\/en\/wp-json\/wp\/v2\/pages\/5768\/revisions"}],"predecessor-version":[{"id":5966,"href":"https:\/\/masdeportescr.com\/en\/wp-json\/wp\/v2\/pages\/5768\/revisions\/5966"}],"wp:attachment":[{"href":"https:\/\/masdeportescr.com\/en\/wp-json\/wp\/v2\/media?parent=5768"}],"curies":[{"name":"wp","href":"https:\/\/api.w.org\/{rel}","templated":true}]}}